{"id":12,"date":"2022-11-09T00:26:38","date_gmt":"2022-11-09T00:26:38","guid":{"rendered":"http:\/\/34.95.178.166\/?page_id=12"},"modified":"2026-04-13T21:53:31","modified_gmt":"2026-04-13T21:53:31","slug":"pta","status":"publish","type":"page","link":"https:\/\/iilegislativas.congresocdmx.gob.mx\/pta\/","title":{"rendered":"PTA"},"content":{"rendered":"\n<h2 class=\"wp-block-heading has-text-align-center\" style=\"font-size:26px\">Programa de Trabajo Anual<\/h2>\n\n\n\n<div style=\"height:36px\" aria-hidden=\"true\" class=\"wp-block-spacer\"><\/div>\n\n\n\n<p style=\"font-size:16px\"><\/p>\n\n\n\n<figure class=\"wp-block-image size-full is-resized\"><img loading=\"lazy\" decoding=\"async\" width=\"640\" height=\"640\" src=\"http:\/\/iilegislativas.congresocdmx.gob.mx\/wp-content\/uploads\/2023\/04\/Untitled-7.png\" alt=\"\" class=\"wp-image-925\" srcset=\"https:\/\/iilegislativas.congresocdmx.gob.mx\/wp-content\/uploads\/2023\/04\/Untitled-7.png 640w, https:\/\/iilegislativas.congresocdmx.gob.mx\/wp-content\/uploads\/2023\/04\/Untitled-7-300x300.png 300w, https:\/\/iilegislativas.congresocdmx.gob.mx\/wp-content\/uploads\/2023\/04\/Untitled-7-150x150.png 150w, https:\/\/iilegislativas.congresocdmx.gob.mx\/wp-content\/uploads\/2023\/04\/Untitled-7-75x75.png 75w\" sizes=\"auto, (max-width: 640px) 100vw, 640px\" \/><\/figure>\n\n\n\n<p style=\"font-size:16px\">La aplicaci\u00f3n del presente programa, se justifica al tener como finalidad el de dar un eficaz cumplimiento a las funciones determinadas en el Art\u00edculo 505 del Reglamento del Congreso de la Ciudad de M\u00e9xico y con ello, realizar acciones integrales y espec\u00edficas que conlleven a tener un Instituto de Investigaciones Legislativas de excelencia, que genere una mayor cultura por la investigaci\u00f3n, capacitaci\u00f3n y el quehacer legislativo, de manera transparente e informativa, que atienda las necesidades institucionales de las y los Diputados, as\u00ed como de la participaci\u00f3n y acercamiento con los habitantes de esta Ciudad.<\/p>\n\n\n\n<div style=\"height:46px\" aria-hidden=\"true\" class=\"wp-block-spacer\"><\/div>\n\n\n\n<figure class=\"wp-block-image size-full\"><img loading=\"lazy\" decoding=\"async\" width=\"942\" height=\"664\" src=\"https:\/\/iilegislativas.congresocdmx.gob.mx\/wp-content\/uploads\/image-13.png\" alt=\"\" class=\"wp-image-2297\" srcset=\"https:\/\/iilegislativas.congresocdmx.gob.mx\/wp-content\/uploads\/image-13.png 942w, https:\/\/iilegislativas.congresocdmx.gob.mx\/wp-content\/uploads\/image-13-300x211.png 300w, https:\/\/iilegislativas.congresocdmx.gob.mx\/wp-content\/uploads\/image-13-768x541.png 768w\" sizes=\"auto, (max-width: 942px) 100vw, 942px\" \/><\/figure>\n\n\n\n<div class=\"wp-block-buttons is-layout-flex wp-block-buttons-is-layout-flex\">\n<div class=\"wp-block-button\"><a class=\"wp-block-button__link wp-element-button\" href=\"https:\/\/iilegislativas.congresocdmx.gob.mx\/wp-content\/uploads\/PLAN-DE-TRABAJO-I.I.L-2026.pptx\">PLAN DE TRABAJO 2026 <\/a><\/div>\n<\/div>\n\n\n\n<figure class=\"wp-block-image size-large\"><a href=\"http:\/\/iilegislativas.congresocdmx.gob.mx\/wp-content\/uploads\/2025\/01\/PTA-IIL-2024-2025.pdf\" target=\"_blank\" rel=\" noreferrer noopener\"><img loading=\"lazy\" decoding=\"async\" width=\"1024\" height=\"576\" src=\"http:\/\/iilegislativas.congresocdmx.gob.mx\/wp-content\/uploads\/2025\/01\/PTA-IIL-2024-2025-1024x576.jpg\" alt=\"\" class=\"wp-image-1691\" srcset=\"https:\/\/iilegislativas.congresocdmx.gob.mx\/wp-content\/uploads\/2025\/01\/PTA-IIL-2024-2025-1024x576.jpg 1024w, https:\/\/iilegislativas.congresocdmx.gob.mx\/wp-content\/uploads\/2025\/01\/PTA-IIL-2024-2025-300x169.jpg 300w, https:\/\/iilegislativas.congresocdmx.gob.mx\/wp-content\/uploads\/2025\/01\/PTA-IIL-2024-2025-768x432.jpg 768w, https:\/\/iilegislativas.congresocdmx.gob.mx\/wp-content\/uploads\/2025\/01\/PTA-IIL-2024-2025-1536x864.jpg 1536w, https:\/\/iilegislativas.congresocdmx.gob.mx\/wp-content\/uploads\/2025\/01\/PTA-IIL-2024-2025-1140x641.jpg 1140w, https:\/\/iilegislativas.congresocdmx.gob.mx\/wp-content\/uploads\/2025\/01\/PTA-IIL-2024-2025.jpg 1920w\" sizes=\"auto, (max-width: 1024px) 100vw, 1024px\" \/><\/a><\/figure>\n\n\n\n<div class=\"wp-block-buttons has-custom-font-size has-medium-font-size is-content-justification-left is-layout-flex wp-container-core-buttons-is-layout-fdcfc74e wp-block-buttons-is-layout-flex\">\n<div class=\"wp-block-button has-custom-width wp-block-button__width-100 is-style-fill\"><a class=\"wp-block-button__link has-white-color has-text-color has-background has-link-color wp-element-button\" href=\"https:\/\/iilegislativas.congresocdmx.gob.mx\/wp-content\/uploads\/2025\/01\/PTA-IIL-2024-2025.pdf\" style=\"border-radius:10px;background-color:#4c8085\"><strong>Consulta el Programa  de Trabajo Anual 2025<\/strong><\/a><\/div>\n<\/div>\n\n\n\n<div style=\"height:46px\" aria-hidden=\"true\" class=\"wp-block-spacer\"><\/div>\n\n\n\n<div class=\"wp-block-buttons is-layout-flex wp-block-buttons-is-layout-flex\">\n<div class=\"wp-block-button has-custom-width wp-block-button__width-50 is-style-fill\"><a class=\"wp-block-button__link has-white-color has-text-color has-background wp-element-button\" href=\"http:\/\/iilegislativas.congresocdmx.gob.mx\/wp-content\/uploads\/2025\/04\/Escaneo0001.pdf\" style=\"border-radius:10px;background-color:#b0874e\">Trimestre Enero &#8211; Marzo 2025<\/a><\/div>\n\n\n\n<div class=\"wp-block-button has-custom-width wp-block-button__width-50 is-style-fill\"><a class=\"wp-block-button__link has-white-color has-text-color has-background wp-element-button\" href=\"http:\/\/iilegislativas.congresocdmx.gob.mx\/wp-content\/uploads\/2025\/07\/Escaneo0002.pdf\" style=\"border-radius:10px;background-color:#b0874e\">Trimestre Abril &#8211; Junio 2025<\/a><\/div>\n\n\n\n<div class=\"wp-block-button has-custom-width wp-block-button__width-50 is-style-fill\"><a class=\"wp-block-button__link has-white-color has-text-color has-background wp-element-button\" href=\"http:\/\/iilegislativas.congresocdmx.gob.mx\/wp-content\/uploads\/Escaneo0003_merged.pdf\" style=\"border-radius:10px;background-color:#b0874e\">Trimestre Julio &#8211; Septiembre 2025<\/a><\/div>\n<\/div>\n\n\n\n<div style=\"height:37px\" aria-hidden=\"true\" class=\"wp-block-spacer\"><\/div>\n\n\n\n<div class=\"wp-block-buttons is-layout-flex wp-block-buttons-is-layout-flex\">\n<div class=\"wp-block-button has-custom-width wp-block-button__width-100 is-style-fill\"><a class=\"wp-block-button__link has-white-color has-text-color has-background wp-element-button\" href=\"http:\/\/iilegislativas.congresocdmx.gob.mx\/wp-content\/uploads\/2024\/06\/PTA-2024.pdf\" style=\"border-radius:10px;background-color:#4c8085\"><strong>Consulta el Programa de Trabajo Anual 2024<\/strong><\/a><\/div>\n\n\n\n<div class=\"wp-block-button has-custom-width wp-block-button__width-50 is-style-fill\"><a class=\"wp-block-button__link has-white-color has-text-color has-background wp-element-button\" href=\"http:\/\/iilegislativas.congresocdmx.gob.mx\/wp-content\/uploads\/2024\/06\/Informe-Primer-Trimestre-2024.pdf\" style=\"border-radius:10px;background-color:#b0874e\">Trimestre Enero &#8211; Marzo 2024<\/a><\/div>\n\n\n\n<div class=\"wp-block-button has-custom-width wp-block-button__width-50 is-style-fill\"><a class=\"wp-block-button__link has-white-color has-text-color has-background wp-element-button\" href=\"http:\/\/iilegislativas.congresocdmx.gob.mx\/wp-content\/uploads\/2024\/07\/SEGUNDO-TRIMESTRE-PTA-OF_240718_153007.pdf\" style=\"border-radius:10px;background-color:#b0874e\">Trimestre Abril &#8211; Junio 2024<\/a><\/div>\n\n\n\n<div class=\"wp-block-button has-custom-width wp-block-button__width-50 is-style-fill\"><a class=\"wp-block-button__link has-white-color has-text-color has-background wp-element-button\" href=\"http:\/\/iilegislativas.congresocdmx.gob.mx\/wp-content\/uploads\/2024\/10\/Trimestral-Julio-Septiembre-2024.pdf\" style=\"border-radius:10px;background-color:#b0874e\">Trimestre Julio &#8211; Septiembre 2024<\/a><\/div>\n\n\n\n<div class=\"wp-block-button has-custom-width wp-block-button__width-50 is-style-fill\"><a class=\"wp-block-button__link has-white-color has-text-color has-background wp-element-button\" href=\"http:\/\/iilegislativas.congresocdmx.gob.mx\/wp-content\/uploads\/2025\/01\/Oficio-IV-trimestre.pdf\" style=\"border-radius:10px;background-color:#b0874e\" target=\"_blank\" rel=\"noreferrer noopener\">Trimestre Octubre &#8211; Diciembre 2024<\/a><\/div>\n<\/div>\n\n\n\n<div style=\"height:28px\" aria-hidden=\"true\" class=\"wp-block-spacer\"><\/div>\n\n\n\n<hr class=\"wp-block-separator has-text-color has-white-color has-alpha-channel-opacity has-white-background-color has-background\"\/>\n\n\n\n<div class=\"wp-block-buttons is-layout-flex wp-block-buttons-is-layout-flex\">\n<div class=\"wp-block-button has-custom-width wp-block-button__width-100 is-style-fill\"><a class=\"wp-block-button__link has-white-color has-text-color has-background wp-element-button\" href=\"http:\/\/iilegislativas.congresocdmx.gob.mx\/wp-content\/uploads\/2023\/02\/PTA_IIL_2023.pdf\" style=\"border-radius:10px;background-color:#4c8085\"><strong>Consulta el Programa de Trabajo Anual 2023<\/strong><\/a><\/div>\n\n\n\n<div class=\"wp-block-button has-custom-width wp-block-button__width-50 is-style-fill\"><a class=\"wp-block-button__link has-white-color has-text-color has-background wp-element-button\" href=\"http:\/\/iilegislativas.congresocdmx.gob.mx\/wp-content\/uploads\/2023\/07\/Trimestre-2023-Enero-Marzo-2023.pdf\" style=\"border-radius:10px;background-color:#b0874e\">Trimestre Enero &#8211; Marzo 2023 <\/a><\/div>\n\n\n\n<div class=\"wp-block-button has-custom-width wp-block-button__width-50 is-style-fill\"><a class=\"wp-block-button__link has-white-color has-text-color has-background wp-element-button\" href=\"http:\/\/iilegislativas.congresocdmx.gob.mx\/wp-content\/uploads\/2023\/07\/Trimestre-Abril-Junio-2023.pdf\" style=\"border-radius:10px;background-color:#b0874e\">Trimestre Abril &#8211; Junio 2023 <\/a><\/div>\n\n\n\n<div class=\"wp-block-button has-custom-width wp-block-button__width-50 is-style-fill\"><a class=\"wp-block-button__link has-white-color has-text-color has-background wp-element-button\" href=\"http:\/\/iilegislativas.congresocdmx.gob.mx\/wp-content\/uploads\/2023\/11\/INFORME-III-TRIMESTRE.pdf\" style=\"border-radius:10px;background-color:#b0874e\">Trimestre Julio &#8211; Septiembre 2023 <\/a><\/div>\n\n\n\n<div class=\"wp-block-button has-custom-width wp-block-button__width-50 is-style-fill\"><a class=\"wp-block-button__link has-white-color has-text-color has-background wp-element-button\" href=\"http:\/\/iilegislativas.congresocdmx.gob.mx\/wp-content\/uploads\/2024\/06\/Informe-Cuarto-Trimestre-2023.pdf\" style=\"border-radius:10px;background-color:#b0874e\">Trimestre Octubre &#8211; Diciembre 2023<\/a><\/div>\n<\/div>\n\n\n\n<div style=\"height:27px\" aria-hidden=\"true\" class=\"wp-block-spacer\"><\/div>\n\n\n\n<hr class=\"wp-block-separator has-text-color has-white-color has-alpha-channel-opacity has-white-background-color has-background\"\/>\n\n\n\n<div class=\"wp-block-group\"><div class=\"wp-block-group__inner-container is-layout-constrained wp-block-group-is-layout-constrained\">\n<div class=\"wp-block-buttons is-layout-flex wp-block-buttons-is-layout-flex\">\n<div class=\"wp-block-button has-custom-width wp-block-button__width-100 is-style-fill\"><a class=\"wp-block-button__link has-white-color has-text-color has-background wp-element-button\" href=\"http:\/\/iilegislativas.congresocdmx.gob.mx\/wp-content\/uploads\/2022\/12\/PTA-2022.pdf\" style=\"border-radius:10px;background-color:#4c8085\"><strong>Consulta el Programa de Trabajo Anual 2022<\/strong><\/a><\/div>\n\n\n\n<div class=\"wp-block-button has-custom-width wp-block-button__width-50\"><a class=\"wp-block-button__link has-white-color has-text-color has-background wp-element-button\" href=\"http:\/\/iilegislativas.congresocdmx.gob.mx\/wp-content\/uploads\/2022\/12\/Informe-Primer-Trimestre.pdf\" style=\"border-radius:10px;background-color:#b0874e\">Trimestre Enero &#8211; Marzo 2022<\/a><\/div>\n\n\n\n<div class=\"wp-block-button has-custom-width wp-block-button__width-50\"><a class=\"wp-block-button__link has-white-color has-text-color has-background wp-element-button\" href=\"http:\/\/iilegislativas.congresocdmx.gob.mx\/wp-content\/uploads\/2022\/12\/Informe-Segundo-Trimestre.pdf\" style=\"border-radius:10px;background-color:#b0874e\">Trimestre Abril &#8211; Junio 2022<\/a><\/div>\n\n\n\n<div class=\"wp-block-button has-custom-width wp-block-button__width-50\"><a class=\"wp-block-button__link has-white-color has-text-color has-background wp-element-button\" href=\"http:\/\/iilegislativas.congresocdmx.gob.mx\/wp-content\/uploads\/2022\/12\/Informe-tercer-Trimestre.pdf\" style=\"border-radius:10px;background-color:#b0874e\">Trimestre Julio &#8211; Septiembre 2022<\/a><\/div>\n\n\n\n<div class=\"wp-block-button has-custom-width wp-block-button__width-50\"><a class=\"wp-block-button__link has-white-color has-text-color has-background wp-element-button\" style=\"border-radius:10px;background-color:#b0874e\">Trimestre Octubre &#8211; Diciembre 2022<\/a><\/div>\n<\/div>\n<\/div><\/div>\n\n\n\n<div style=\"height:27px\" aria-hidden=\"true\" class=\"wp-block-spacer\"><\/div>\n\n\n\n<p class=\"has-text-align-center\">Gante # 15, segundo piso, oficinas 204 &#8211; 208, colonia centro, Alcald\u00eda Cuauht\u00e9moc &#8211; CDMX.<br>Congreso de la Ciudad de M\u00e9xico.<br><strong>Horario de atenci\u00f3n de lunes a viernes de 9:00 a 18:00 hrs.<\/strong><\/p>\n\n\n\n<p><\/p>\n","protected":false},"excerpt":{"rendered":"<p>Programa de Trabajo Anual La aplicaci\u00f3n del presente programa, se justifica al tener como finalidad el de dar un eficaz cumplimiento a las funciones determinadas en el Art\u00edculo 505 del Reglamento del Congreso de la Ciudad de M\u00e9xico y con ello, realizar acciones integrales y espec\u00edficas que conlleven a tener un Instituto de Investigaciones Legislativas de excelencia, que genere una mayor cultura por la investigaci\u00f3n, capacitaci\u00f3n y el quehacer legislativo, de manera transparente e informativa, que atienda las necesidades institucionales de las y los Diputados, as\u00ed como de la participaci\u00f3n y acercamiento con los habitantes de esta Ciudad. Gante # 15, segundo piso, oficinas 204 &#8211; 208, colonia centro, Alcald\u00eda Cuauht\u00e9moc &#8211; CDMX.Congreso de la Ciudad de M\u00e9xico.Horario de atenci\u00f3n de lunes a viernes de 9:00 a 18:00 hrs.<\/p>\n","protected":false},"author":2,"featured_media":0,"parent":0,"menu_order":0,"comment_status":"closed","ping_status":"closed","template":"","meta":{"footnotes":""},"class_list":["post-12","page","type-page","status-publish","hentry"],"_links":{"self":[{"href":"https:\/\/iilegislativas.congresocdmx.gob.mx\/wp-json\/wp\/v2\/pages\/12","targetHints":{"allow":["GET"]}}],"collection":[{"href":"https:\/\/iilegislativas.congresocdmx.gob.mx\/wp-json\/wp\/v2\/pages"}],"about":[{"href":"https:\/\/iilegislativas.congresocdmx.gob.mx\/wp-json\/wp\/v2\/types\/page"}],"author":[{"embeddable":true,"href":"https:\/\/iilegislativas.congresocdmx.gob.mx\/wp-json\/wp\/v2\/users\/2"}],"replies":[{"embeddable":true,"href":"https:\/\/iilegislativas.congresocdmx.gob.mx\/wp-json\/wp\/v2\/comments?post=12"}],"version-history":[{"count":61,"href":"https:\/\/iilegislativas.congresocdmx.gob.mx\/wp-json\/wp\/v2\/pages\/12\/revisions"}],"predecessor-version":[{"id":2298,"href":"https:\/\/iilegislativas.congresocdmx.gob.mx\/wp-json\/wp\/v2\/pages\/12\/revisions\/2298"}],"wp:attachment":[{"href":"https:\/\/iilegislativas.congresocdmx.gob.mx\/wp-json\/wp\/v2\/media?parent=12"}],"curies":[{"name":"wp","href":"https:\/\/api.w.org\/{rel}","templated":true}]}}