{"id":2045,"date":"2025-08-11T19:42:32","date_gmt":"2025-08-11T19:42:32","guid":{"rendered":"http:\/\/iilegislativas.congresocdmx.gob.mx\/?page_id=2045"},"modified":"2025-08-11T20:08:28","modified_gmt":"2025-08-11T20:08:28","slug":"comision-de-desarrollo-e-infraestructura-urbana","status":"publish","type":"page","link":"https:\/\/iilegislativas.congresocdmx.gob.mx\/comision-de-desarrollo-e-infraestructura-urbana\/","title":{"rendered":"Comisi\u00f3n de Desarrollo e Infraestructura Urbana"},"content":{"rendered":"\n<p class=\"has-text-align-center\"><strong>INTEGRANTES<\/strong><br><strong>Dip. Israel Moreno Rivera<\/strong><br>Presidente<br><strong>Dip. Alejandro Carbajal Gonz\u00e1lez<\/strong><br>Vicepresidente<br><strong>Dip. V\u00edctor Hugo Lobo Rodr\u00edguez<\/strong><br>Secretario<br><strong>Dip. Ricardo Rubio Torres<\/strong><br>Integrante.<br><strong>Dip. Yuriri Ayala Z\u00fa\u00f1iga<\/strong><br>Integrante.<br><strong>Dip. Pablo Trejo P\u00e9rez<\/strong><br>Integrante.<br><strong>Dip. Federico Chavez Semerena<\/strong><br>Integrante.<br><strong>Dip. Miriam Valeria Cruz Flores<\/strong><br>Integrante.<br><strong>Dip. Jes\u00fas Sesma Su\u00e1rez<\/strong><br>Integrante.<\/p>\n\n\n\n<div class=\"wp-block-buttons is-layout-flex wp-block-buttons-is-layout-flex\">\n<div class=\"wp-block-button has-custom-width wp-block-button__width-100\"><a class=\"wp-block-button__link has-white-color has-text-color has-link-color wp-element-button\" href=\"http:\/\/iilegislativas.congresocdmx.gob.mx\/wp-content\/uploads\/2025\/08\/COMISION-DE-DESARROLLO-E-INFRAESTRUCTURA-URBANA.pdf\">Consulta<\/a><\/div>\n<\/div>\n\n\n\n<p><\/p>\n","protected":false},"excerpt":{"rendered":"<p>INTEGRANTESDip. Israel Moreno RiveraPresidenteDip. Alejandro Carbajal Gonz\u00e1lezVicepresidenteDip. V\u00edctor Hugo Lobo Rodr\u00edguezSecretarioDip. Ricardo Rubio TorresIntegrante.Dip. Yuriri Ayala Z\u00fa\u00f1igaIntegrante.Dip. Pablo Trejo P\u00e9rezIntegrante.Dip. Federico Chavez SemerenaIntegrante.Dip. Miriam Valeria Cruz FloresIntegrante.Dip. Jes\u00fas Sesma Su\u00e1rezIntegrante.<\/p>\n","protected":false},"author":2,"featured_media":0,"parent":0,"menu_order":0,"comment_status":"closed","ping_status":"closed","template":"","meta":{"footnotes":""},"class_list":["post-2045","page","type-page","status-publish","hentry"],"_links":{"self":[{"href":"https:\/\/iilegislativas.congresocdmx.gob.mx\/wp-json\/wp\/v2\/pages\/2045","targetHints":{"allow":["GET"]}}],"collection":[{"href":"https:\/\/iilegislativas.congresocdmx.gob.mx\/wp-json\/wp\/v2\/pages"}],"about":[{"href":"https:\/\/iilegislativas.congresocdmx.gob.mx\/wp-json\/wp\/v2\/types\/page"}],"author":[{"embeddable":true,"href":"https:\/\/iilegislativas.congresocdmx.gob.mx\/wp-json\/wp\/v2\/users\/2"}],"replies":[{"embeddable":true,"href":"https:\/\/iilegislativas.congresocdmx.gob.mx\/wp-json\/wp\/v2\/comments?post=2045"}],"version-history":[{"count":4,"href":"https:\/\/iilegislativas.congresocdmx.gob.mx\/wp-json\/wp\/v2\/pages\/2045\/revisions"}],"predecessor-version":[{"id":2055,"href":"https:\/\/iilegislativas.congresocdmx.gob.mx\/wp-json\/wp\/v2\/pages\/2045\/revisions\/2055"}],"wp:attachment":[{"href":"https:\/\/iilegislativas.congresocdmx.gob.mx\/wp-json\/wp\/v2\/media?parent=2045"}],"curies":[{"name":"wp","href":"https:\/\/api.w.org\/{rel}","templated":true}]}}