{"id":225,"date":"2022-12-01T07:18:25","date_gmt":"2022-12-01T07:18:25","guid":{"rendered":"http:\/\/34.95.178.166\/?page_id=225"},"modified":"2025-08-28T15:05:17","modified_gmt":"2025-08-28T15:05:17","slug":"administracion-publica-local","status":"publish","type":"page","link":"https:\/\/iilegislativas.congresocdmx.gob.mx\/comisiones-ordinarias-de-trabajo\/administracion-publica-local\/","title":{"rendered":"Comisi\u00f3n de Administraci\u00f3n P\u00fablica Local del Congreso de la Ciudad de M\u00e9xico, III Legislatura."},"content":{"rendered":"\n<figure class=\"wp-block-image size-full is-style-default\"><img loading=\"lazy\" decoding=\"async\" width=\"2560\" height=\"470\" src=\"http:\/\/iilegislativas.congresocdmx.gob.mx\/wp-content\/uploads\/2025\/01\/iil.png\" alt=\"\" class=\"wp-image-1631\" srcset=\"https:\/\/iilegislativas.congresocdmx.gob.mx\/wp-content\/uploads\/2025\/01\/iil.png 2560w, https:\/\/iilegislativas.congresocdmx.gob.mx\/wp-content\/uploads\/2025\/01\/iil-300x55.png 300w, https:\/\/iilegislativas.congresocdmx.gob.mx\/wp-content\/uploads\/2025\/01\/iil-1024x188.png 1024w, https:\/\/iilegislativas.congresocdmx.gob.mx\/wp-content\/uploads\/2025\/01\/iil-768x141.png 768w, https:\/\/iilegislativas.congresocdmx.gob.mx\/wp-content\/uploads\/2025\/01\/iil-1536x282.png 1536w, https:\/\/iilegislativas.congresocdmx.gob.mx\/wp-content\/uploads\/2025\/01\/iil-2048x376.png 2048w, https:\/\/iilegislativas.congresocdmx.gob.mx\/wp-content\/uploads\/2025\/01\/iil-1140x209.png 1140w\" sizes=\"auto, (max-width: 2560px) 100vw, 2560px\" \/><\/figure>\n\n\n\n<hr class=\"wp-block-separator has-alpha-channel-opacity\"\/>\n\n\n\n<p class=\"has-text-align-center has-medium-font-size\"><\/p>\n\n\n\n<figure class=\"wp-block-image size-large\"><img loading=\"lazy\" decoding=\"async\" width=\"1024\" height=\"576\" src=\"http:\/\/iilegislativas.congresocdmx.gob.mx\/wp-content\/uploads\/2025\/08\/APL1-1-1024x576.png\" alt=\"\" class=\"wp-image-2152\" srcset=\"https:\/\/iilegislativas.congresocdmx.gob.mx\/wp-content\/uploads\/2025\/08\/APL1-1-1024x576.png 1024w, https:\/\/iilegislativas.congresocdmx.gob.mx\/wp-content\/uploads\/2025\/08\/APL1-1-300x169.png 300w, https:\/\/iilegislativas.congresocdmx.gob.mx\/wp-content\/uploads\/2025\/08\/APL1-1-768x432.png 768w, https:\/\/iilegislativas.congresocdmx.gob.mx\/wp-content\/uploads\/2025\/08\/APL1-1-1140x641.png 1140w, https:\/\/iilegislativas.congresocdmx.gob.mx\/wp-content\/uploads\/2025\/08\/APL1-1.png 1366w\" sizes=\"auto, (max-width: 1024px) 100vw, 1024px\" \/><\/figure>\n\n\n\n<figure class=\"wp-block-image size-large\"><img loading=\"lazy\" decoding=\"async\" width=\"1024\" height=\"576\" src=\"http:\/\/iilegislativas.congresocdmx.gob.mx\/wp-content\/uploads\/2025\/08\/APL2-1-1024x576.png\" alt=\"\" class=\"wp-image-2153\" srcset=\"https:\/\/iilegislativas.congresocdmx.gob.mx\/wp-content\/uploads\/2025\/08\/APL2-1-1024x576.png 1024w, https:\/\/iilegislativas.congresocdmx.gob.mx\/wp-content\/uploads\/2025\/08\/APL2-1-300x169.png 300w, https:\/\/iilegislativas.congresocdmx.gob.mx\/wp-content\/uploads\/2025\/08\/APL2-1-768x432.png 768w, https:\/\/iilegislativas.congresocdmx.gob.mx\/wp-content\/uploads\/2025\/08\/APL2-1-1140x641.png 1140w, https:\/\/iilegislativas.congresocdmx.gob.mx\/wp-content\/uploads\/2025\/08\/APL2-1.png 1366w\" sizes=\"auto, (max-width: 1024px) 100vw, 1024px\" \/><\/figure>\n\n\n\n<figure class=\"wp-block-image size-large\"><img loading=\"lazy\" decoding=\"async\" width=\"1024\" height=\"576\" src=\"http:\/\/iilegislativas.congresocdmx.gob.mx\/wp-content\/uploads\/2025\/08\/APL3-1-1024x576.png\" alt=\"\" class=\"wp-image-2154\" srcset=\"https:\/\/iilegislativas.congresocdmx.gob.mx\/wp-content\/uploads\/2025\/08\/APL3-1-1024x576.png 1024w, https:\/\/iilegislativas.congresocdmx.gob.mx\/wp-content\/uploads\/2025\/08\/APL3-1-300x169.png 300w, https:\/\/iilegislativas.congresocdmx.gob.mx\/wp-content\/uploads\/2025\/08\/APL3-1-768x432.png 768w, https:\/\/iilegislativas.congresocdmx.gob.mx\/wp-content\/uploads\/2025\/08\/APL3-1-1140x641.png 1140w, https:\/\/iilegislativas.congresocdmx.gob.mx\/wp-content\/uploads\/2025\/08\/APL3-1.png 1366w\" sizes=\"auto, (max-width: 1024px) 100vw, 1024px\" \/><\/figure>\n\n\n\n<hr class=\"wp-block-separator has-alpha-channel-opacity\"\/>\n\n\n\n<p style=\"font-size:26px\">Investigaciones<\/p>\n\n\n\n<p>Consulta Investigaci\u00f3n de la Administraci\u00f3n P\u00fablica Local.<\/p>\n\n\n\n<div class=\"wp-block-buttons is-layout-flex wp-block-buttons-is-layout-flex\">\n<div class=\"wp-block-button\"><a class=\"wp-block-button__link has-white-color has-text-color has-background wp-element-button\" href=\"http:\/\/iilegislativas.congresocdmx.gob.mx\/wp-content\/uploads\/2023\/01\/ADMINISTRACION_PUBLICA_LOCAL.pdf\" style=\"background-color:#4c8085\">Consulta 2022<\/a><\/div>\n\n\n\n<div class=\"wp-block-button\"><a class=\"wp-block-button__link has-white-color has-text-color has-background wp-element-button\" href=\"http:\/\/iilegislativas.congresocdmx.gob.mx\/wp-content\/uploads\/2023\/12\/justificante_administracion_publica_231219_120111.pdf\" style=\"background-color:#4c8085\">Consulta 2023<\/a><\/div>\n<\/div>\n","protected":false},"excerpt":{"rendered":"<p>Investigaciones Consulta Investigaci\u00f3n de la Administraci\u00f3n P\u00fablica Local.<\/p>\n","protected":false},"author":2,"featured_media":0,"parent":207,"menu_order":0,"comment_status":"closed","ping_status":"closed","template":"","meta":{"footnotes":""},"class_list":["post-225","page","type-page","status-publish","hentry"],"_links":{"self":[{"href":"https:\/\/iilegislativas.congresocdmx.gob.mx\/wp-json\/wp\/v2\/pages\/225","targetHints":{"allow":["GET"]}}],"collection":[{"href":"https:\/\/iilegislativas.congresocdmx.gob.mx\/wp-json\/wp\/v2\/pages"}],"about":[{"href":"https:\/\/iilegislativas.congresocdmx.gob.mx\/wp-json\/wp\/v2\/types\/page"}],"author":[{"embeddable":true,"href":"https:\/\/iilegislativas.congresocdmx.gob.mx\/wp-json\/wp\/v2\/users\/2"}],"replies":[{"embeddable":true,"href":"https:\/\/iilegislativas.congresocdmx.gob.mx\/wp-json\/wp\/v2\/comments?post=225"}],"version-history":[{"count":9,"href":"https:\/\/iilegislativas.congresocdmx.gob.mx\/wp-json\/wp\/v2\/pages\/225\/revisions"}],"predecessor-version":[{"id":2155,"href":"https:\/\/iilegislativas.congresocdmx.gob.mx\/wp-json\/wp\/v2\/pages\/225\/revisions\/2155"}],"up":[{"embeddable":true,"href":"https:\/\/iilegislativas.congresocdmx.gob.mx\/wp-json\/wp\/v2\/pages\/207"}],"wp:attachment":[{"href":"https:\/\/iilegislativas.congresocdmx.gob.mx\/wp-json\/wp\/v2\/media?parent=225"}],"curies":[{"name":"wp","href":"https:\/\/api.w.org\/{rel}","templated":true}]}}