{"id":280,"date":"2022-12-23T00:35:47","date_gmt":"2022-12-23T00:35:47","guid":{"rendered":"http:\/\/34.95.178.166\/?page_id=280"},"modified":"2024-02-29T15:20:40","modified_gmt":"2024-02-29T15:20:40","slug":"sesiones-de-trabajo","status":"publish","type":"page","link":"https:\/\/iilegislativas.congresocdmx.gob.mx\/sesiones-de-trabajo\/","title":{"rendered":"Sesiones de Trabajo"},"content":{"rendered":"\n<p>Sesi\u00f3n de Instalaci\u00f3n: 25 de agosto 2022<\/p>\n\n\n\n<p>Sal\u00f3n \u201cHeberto Castillo\u201d<\/p>\n\n\n\n<div class=\"wp-block-group\"><div class=\"wp-block-group__inner-container is-layout-constrained wp-block-group-is-layout-constrained\">\n<div class=\"wp-block-group\"><div class=\"wp-block-group__inner-container is-layout-constrained wp-block-group-is-layout-constrained\">\n<figure class=\"wp-block-gallery has-nested-images columns-default is-cropped wp-block-gallery-1 is-layout-flex wp-block-gallery-is-layout-flex\">\n<figure class=\"wp-block-image size-large\"><img decoding=\"async\" data-id=\"417\" src=\"http:\/\/34.95.178.166\/wp-content\/uploads\/2023\/01\/WhatsApp-Image-2023-01-19-at-23.15.19-1.jpeg\" alt=\"\" class=\"wp-image-417\"\/><\/figure>\n\n\n\n<figure class=\"wp-block-image size-large\"><img decoding=\"async\" data-id=\"416\" src=\"http:\/\/34.95.178.166\/wp-content\/uploads\/2023\/01\/WhatsApp-Image-2023-01-19-at-23.15.19-2.jpeg\" alt=\"\" class=\"wp-image-416\"\/><\/figure>\n\n\n\n<figure class=\"wp-block-image size-large\"><img decoding=\"async\" data-id=\"419\" src=\"http:\/\/34.95.178.166\/wp-content\/uploads\/2023\/01\/WhatsApp-Image-2023-01-19-at-23.15.19.jpeg\" alt=\"\" class=\"wp-image-419\"\/><\/figure>\n\n\n\n<figure class=\"wp-block-image size-large\"><img decoding=\"async\" data-id=\"420\" src=\"http:\/\/34.95.178.166\/wp-content\/uploads\/2023\/01\/WhatsApp-Image-2023-01-19-at-23.15.20-1.jpeg\" alt=\"\" class=\"wp-image-420\"\/><\/figure>\n\n\n\n<figure class=\"wp-block-image size-large\"><img decoding=\"async\" data-id=\"418\" src=\"http:\/\/34.95.178.166\/wp-content\/uploads\/2023\/01\/WhatsApp-Image-2023-01-19-at-23.15.20-2.jpeg\" alt=\"\" class=\"wp-image-418\"\/><\/figure>\n\n\n\n<figure class=\"wp-block-image size-large\"><img decoding=\"async\" data-id=\"421\" src=\"http:\/\/34.95.178.166\/wp-content\/uploads\/2023\/01\/WhatsApp-Image-2023-01-19-at-23.15.20.jpeg\" alt=\"\" class=\"wp-image-421\"\/><\/figure>\n<\/figure>\n<\/div><\/div>\n<\/div><\/div>\n\n\n\n<p class=\"has-text-align-center\">Gante # 15, segundo piso, oficinas 204 &#8211; 208, colonia centro, Alcald\u00eda Cuauht\u00e9moc &#8211; CDMX.<br>Congreso de la Ciudad de M\u00e9xico.<br><strong>Horario de atenci\u00f3n de lunes a viernes de 9:00 a 18:00 hrs.<\/strong><\/p>\n","protected":false},"excerpt":{"rendered":"<p>Sesi\u00f3n de Instalaci\u00f3n: 25 de agosto 2022 Sal\u00f3n \u201cHeberto Castillo\u201d Gante # 15, segundo piso, oficinas 204 &#8211; 208, colonia centro, Alcald\u00eda Cuauht\u00e9moc &#8211; CDMX.Congreso de la Ciudad de M\u00e9xico.Horario de atenci\u00f3n de lunes a viernes de 9:00 a 18:00 hrs.<\/p>\n","protected":false},"author":2,"featured_media":0,"parent":0,"menu_order":0,"comment_status":"closed","ping_status":"closed","template":"","meta":{"footnotes":""},"class_list":["post-280","page","type-page","status-publish","hentry"],"_links":{"self":[{"href":"https:\/\/iilegislativas.congresocdmx.gob.mx\/wp-json\/wp\/v2\/pages\/280","targetHints":{"allow":["GET"]}}],"collection":[{"href":"https:\/\/iilegislativas.congresocdmx.gob.mx\/wp-json\/wp\/v2\/pages"}],"about":[{"href":"https:\/\/iilegislativas.congresocdmx.gob.mx\/wp-json\/wp\/v2\/types\/page"}],"author":[{"embeddable":true,"href":"https:\/\/iilegislativas.congresocdmx.gob.mx\/wp-json\/wp\/v2\/users\/2"}],"replies":[{"embeddable":true,"href":"https:\/\/iilegislativas.congresocdmx.gob.mx\/wp-json\/wp\/v2\/comments?post=280"}],"version-history":[{"count":4,"href":"https:\/\/iilegislativas.congresocdmx.gob.mx\/wp-json\/wp\/v2\/pages\/280\/revisions"}],"predecessor-version":[{"id":1333,"href":"https:\/\/iilegislativas.congresocdmx.gob.mx\/wp-json\/wp\/v2\/pages\/280\/revisions\/1333"}],"wp:attachment":[{"href":"https:\/\/iilegislativas.congresocdmx.gob.mx\/wp-json\/wp\/v2\/media?parent=280"}],"curies":[{"name":"wp","href":"https:\/\/api.w.org\/{rel}","templated":true}]}}