{"id":50,"date":"2022-11-09T02:44:33","date_gmt":"2022-11-09T02:44:33","guid":{"rendered":"http:\/\/34.95.178.166\/?page_id=50"},"modified":"2024-02-29T15:16:36","modified_gmt":"2024-02-29T15:16:36","slug":"mision","status":"publish","type":"page","link":"https:\/\/iilegislativas.congresocdmx.gob.mx\/mision\/","title":{"rendered":"Misi\u00f3n"},"content":{"rendered":"\n<div class=\"wp-block-media-text alignwide has-media-on-the-right is-stacked-on-mobile has-background\" style=\"background-color:#4c8085\"><div class=\"wp-block-media-text__content\">\n<div style=\"height:14px\" aria-hidden=\"true\" class=\"wp-block-spacer\"><\/div>\n\n\n<div class=\"wp-block-image\">\n<figure class=\"aligncenter size-full is-resized\"><img loading=\"lazy\" decoding=\"async\" width=\"640\" height=\"640\" src=\"http:\/\/iilegislativas.congresocdmx.gob.mx\/wp-content\/uploads\/2023\/04\/Untitled-4.png\" alt=\"\" class=\"wp-image-910\" style=\"width:60px;height:60px\" srcset=\"https:\/\/iilegislativas.congresocdmx.gob.mx\/wp-content\/uploads\/2023\/04\/Untitled-4.png 640w, https:\/\/iilegislativas.congresocdmx.gob.mx\/wp-content\/uploads\/2023\/04\/Untitled-4-300x300.png 300w, https:\/\/iilegislativas.congresocdmx.gob.mx\/wp-content\/uploads\/2023\/04\/Untitled-4-150x150.png 150w, https:\/\/iilegislativas.congresocdmx.gob.mx\/wp-content\/uploads\/2023\/04\/Untitled-4-75x75.png 75w\" sizes=\"auto, (max-width: 640px) 100vw, 640px\" \/><\/figure>\n<\/div>\n\n\n<div style=\"height:30px\" aria-hidden=\"true\" class=\"wp-block-spacer\"><\/div>\n\n\n\n<p class=\"has-text-align-center has-white-color has-text-color\" style=\"font-size:16px\">Fortalecer y robustecer la practica parlamentaria y los documentos legislativos emanados de este Congreso de la Ciudad de M\u00e9xico a trav\u00e9s de la Investigaci\u00f3n, capacitaci\u00f3n y el estudio de aquellos temas que son importantes para las y los Diputados de este Congreso de la Ciudad de M\u00e9xico.<\/p>\n<\/div><figure class=\"wp-block-media-text__media\"><img loading=\"lazy\" decoding=\"async\" width=\"1024\" height=\"680\" src=\"http:\/\/34.95.178.166\/wp-content\/uploads\/2022\/12\/WhatsApp-Image-2022-12-05-at-19.44.50.jpeg\" alt=\"\" class=\"wp-image-246 size-full\" srcset=\"https:\/\/iilegislativas.congresocdmx.gob.mx\/wp-content\/uploads\/2022\/12\/WhatsApp-Image-2022-12-05-at-19.44.50.jpeg 1024w, https:\/\/iilegislativas.congresocdmx.gob.mx\/wp-content\/uploads\/2022\/12\/WhatsApp-Image-2022-12-05-at-19.44.50-300x199.jpeg 300w, https:\/\/iilegislativas.congresocdmx.gob.mx\/wp-content\/uploads\/2022\/12\/WhatsApp-Image-2022-12-05-at-19.44.50-768x510.jpeg 768w\" sizes=\"auto, (max-width: 1024px) 100vw, 1024px\" \/><\/figure><\/div>\n\n\n\n<p class=\"has-text-align-center\">Gante # 15, segundo piso, oficinas 204 &#8211; 208, colonia centro, Alcald\u00eda Cuauht\u00e9moc &#8211; CDMX.<br>Congreso de la Ciudad de M\u00e9xico.<br><strong>Horario de atenci\u00f3n de lunes a viernes de 9:00 a 18:00 hrs.<\/strong><\/p>\n","protected":false},"excerpt":{"rendered":"<p>Gante # 15, segundo piso, oficinas 204 &#8211; 208, colonia centro, Alcald\u00eda Cuauht\u00e9moc &#8211; CDMX.Congreso de la Ciudad de M\u00e9xico.Horario de atenci\u00f3n de lunes a viernes de 9:00 a 18:00 hrs.<\/p>\n","protected":false},"author":2,"featured_media":0,"parent":0,"menu_order":0,"comment_status":"closed","ping_status":"closed","template":"","meta":{"footnotes":""},"class_list":["post-50","page","type-page","status-publish","hentry"],"_links":{"self":[{"href":"https:\/\/iilegislativas.congresocdmx.gob.mx\/wp-json\/wp\/v2\/pages\/50","targetHints":{"allow":["GET"]}}],"collection":[{"href":"https:\/\/iilegislativas.congresocdmx.gob.mx\/wp-json\/wp\/v2\/pages"}],"about":[{"href":"https:\/\/iilegislativas.congresocdmx.gob.mx\/wp-json\/wp\/v2\/types\/page"}],"author":[{"embeddable":true,"href":"https:\/\/iilegislativas.congresocdmx.gob.mx\/wp-json\/wp\/v2\/users\/2"}],"replies":[{"embeddable":true,"href":"https:\/\/iilegislativas.congresocdmx.gob.mx\/wp-json\/wp\/v2\/comments?post=50"}],"version-history":[{"count":19,"href":"https:\/\/iilegislativas.congresocdmx.gob.mx\/wp-json\/wp\/v2\/pages\/50\/revisions"}],"predecessor-version":[{"id":1318,"href":"https:\/\/iilegislativas.congresocdmx.gob.mx\/wp-json\/wp\/v2\/pages\/50\/revisions\/1318"}],"wp:attachment":[{"href":"https:\/\/iilegislativas.congresocdmx.gob.mx\/wp-json\/wp\/v2\/media?parent=50"}],"curies":[{"name":"wp","href":"https:\/\/api.w.org\/{rel}","templated":true}]}}