{"id":502,"date":"2025-08-26T14:29:33","date_gmt":"2025-08-26T14:29:33","guid":{"rendered":"http:\/\/34.95.178.166\/?page_id=502"},"modified":"2025-08-26T14:36:43","modified_gmt":"2025-08-26T14:36:43","slug":"administracion-y-procuracion-de-justicia","status":"publish","type":"page","link":"https:\/\/iilegislativas.congresocdmx.gob.mx\/administracion-y-procuracion-de-justicia\/","title":{"rendered":"Administraci\u00f3n y Procuraci\u00f3n de Justicia"},"content":{"rendered":"\n<p style=\"font-size:26px\"><\/p>\n\n\n\n<figure class=\"wp-block-image size-large\"><img loading=\"lazy\" decoding=\"async\" width=\"1024\" height=\"576\" src=\"http:\/\/iilegislativas.congresocdmx.gob.mx\/wp-content\/uploads\/2025\/08\/administracion1-1024x576.png\" alt=\"\" class=\"wp-image-2121\" srcset=\"https:\/\/iilegislativas.congresocdmx.gob.mx\/wp-content\/uploads\/2025\/08\/administracion1-1024x576.png 1024w, https:\/\/iilegislativas.congresocdmx.gob.mx\/wp-content\/uploads\/2025\/08\/administracion1-300x169.png 300w, https:\/\/iilegislativas.congresocdmx.gob.mx\/wp-content\/uploads\/2025\/08\/administracion1-768x432.png 768w, https:\/\/iilegislativas.congresocdmx.gob.mx\/wp-content\/uploads\/2025\/08\/administracion1-1140x641.png 1140w, https:\/\/iilegislativas.congresocdmx.gob.mx\/wp-content\/uploads\/2025\/08\/administracion1.png 1366w\" sizes=\"auto, (max-width: 1024px) 100vw, 1024px\" \/><\/figure>\n\n\n\n<figure class=\"wp-block-image size-large\"><img loading=\"lazy\" decoding=\"async\" width=\"1024\" height=\"576\" src=\"http:\/\/iilegislativas.congresocdmx.gob.mx\/wp-content\/uploads\/2025\/08\/administracion2-1024x576.png\" alt=\"\" class=\"wp-image-2122\" srcset=\"https:\/\/iilegislativas.congresocdmx.gob.mx\/wp-content\/uploads\/2025\/08\/administracion2-1024x576.png 1024w, https:\/\/iilegislativas.congresocdmx.gob.mx\/wp-content\/uploads\/2025\/08\/administracion2-300x169.png 300w, https:\/\/iilegislativas.congresocdmx.gob.mx\/wp-content\/uploads\/2025\/08\/administracion2-768x432.png 768w, https:\/\/iilegislativas.congresocdmx.gob.mx\/wp-content\/uploads\/2025\/08\/administracion2-1140x641.png 1140w, https:\/\/iilegislativas.congresocdmx.gob.mx\/wp-content\/uploads\/2025\/08\/administracion2.png 1366w\" sizes=\"auto, (max-width: 1024px) 100vw, 1024px\" \/><\/figure>\n\n\n\n<figure class=\"wp-block-image size-large\"><img loading=\"lazy\" decoding=\"async\" width=\"1024\" height=\"576\" src=\"http:\/\/iilegislativas.congresocdmx.gob.mx\/wp-content\/uploads\/2025\/08\/administracion3-1024x576.png\" alt=\"\" class=\"wp-image-2123\" srcset=\"https:\/\/iilegislativas.congresocdmx.gob.mx\/wp-content\/uploads\/2025\/08\/administracion3-1024x576.png 1024w, https:\/\/iilegislativas.congresocdmx.gob.mx\/wp-content\/uploads\/2025\/08\/administracion3-300x169.png 300w, https:\/\/iilegislativas.congresocdmx.gob.mx\/wp-content\/uploads\/2025\/08\/administracion3-768x432.png 768w, https:\/\/iilegislativas.congresocdmx.gob.mx\/wp-content\/uploads\/2025\/08\/administracion3-1140x641.png 1140w, https:\/\/iilegislativas.congresocdmx.gob.mx\/wp-content\/uploads\/2025\/08\/administracion3.png 1366w\" sizes=\"auto, (max-width: 1024px) 100vw, 1024px\" \/><\/figure>\n\n\n\n<figure class=\"wp-block-image size-large\"><img loading=\"lazy\" decoding=\"async\" width=\"1024\" height=\"576\" src=\"http:\/\/iilegislativas.congresocdmx.gob.mx\/wp-content\/uploads\/2025\/08\/administracion4-1024x576.png\" alt=\"\" class=\"wp-image-2124\" srcset=\"https:\/\/iilegislativas.congresocdmx.gob.mx\/wp-content\/uploads\/2025\/08\/administracion4-1024x576.png 1024w, https:\/\/iilegislativas.congresocdmx.gob.mx\/wp-content\/uploads\/2025\/08\/administracion4-300x169.png 300w, https:\/\/iilegislativas.congresocdmx.gob.mx\/wp-content\/uploads\/2025\/08\/administracion4-768x432.png 768w, https:\/\/iilegislativas.congresocdmx.gob.mx\/wp-content\/uploads\/2025\/08\/administracion4-1140x641.png 1140w, https:\/\/iilegislativas.congresocdmx.gob.mx\/wp-content\/uploads\/2025\/08\/administracion4.png 1366w\" sizes=\"auto, (max-width: 1024px) 100vw, 1024px\" \/><\/figure>\n\n\n\n<figure class=\"wp-block-image size-large\"><img loading=\"lazy\" decoding=\"async\" width=\"1024\" height=\"576\" src=\"http:\/\/iilegislativas.congresocdmx.gob.mx\/wp-content\/uploads\/2025\/08\/administracion5-1024x576.png\" alt=\"\" class=\"wp-image-2125\" srcset=\"https:\/\/iilegislativas.congresocdmx.gob.mx\/wp-content\/uploads\/2025\/08\/administracion5-1024x576.png 1024w, https:\/\/iilegislativas.congresocdmx.gob.mx\/wp-content\/uploads\/2025\/08\/administracion5-300x169.png 300w, https:\/\/iilegislativas.congresocdmx.gob.mx\/wp-content\/uploads\/2025\/08\/administracion5-768x432.png 768w, https:\/\/iilegislativas.congresocdmx.gob.mx\/wp-content\/uploads\/2025\/08\/administracion5-1140x641.png 1140w, https:\/\/iilegislativas.congresocdmx.gob.mx\/wp-content\/uploads\/2025\/08\/administracion5.png 1366w\" sizes=\"auto, (max-width: 1024px) 100vw, 1024px\" \/><\/figure>\n\n\n\n<p>Consulta Investigaci\u00f3n de la Administraci\u00f3n y Procuraci\u00f3n de Justicia.<\/p>\n\n\n\n<div class=\"wp-block-buttons is-layout-flex wp-block-buttons-is-layout-flex\">\n<div class=\"wp-block-button\"><a class=\"wp-block-button__link has-white-color has-text-color has-background wp-element-button\" href=\"http:\/\/34.95.178.166\/wp-content\/uploads\/2023\/01\/ADMINISTRACION_PUBLICA_LOCAL.pdf\" style=\"background-color:#4c8085\">Consulta 2022<\/a><\/div>\n<\/div>\n","protected":false},"excerpt":{"rendered":"<p>Consulta Investigaci\u00f3n de la Administraci\u00f3n y Procuraci\u00f3n de Justicia.<\/p>\n","protected":false},"author":3,"featured_media":0,"parent":0,"menu_order":0,"comment_status":"closed","ping_status":"closed","template":"","meta":{"footnotes":""},"class_list":["post-502","page","type-page","status-publish","hentry"],"_links":{"self":[{"href":"https:\/\/iilegislativas.congresocdmx.gob.mx\/wp-json\/wp\/v2\/pages\/502","targetHints":{"allow":["GET"]}}],"collection":[{"href":"https:\/\/iilegislativas.congresocdmx.gob.mx\/wp-json\/wp\/v2\/pages"}],"about":[{"href":"https:\/\/iilegislativas.congresocdmx.gob.mx\/wp-json\/wp\/v2\/types\/page"}],"author":[{"embeddable":true,"href":"https:\/\/iilegislativas.congresocdmx.gob.mx\/wp-json\/wp\/v2\/users\/3"}],"replies":[{"embeddable":true,"href":"https:\/\/iilegislativas.congresocdmx.gob.mx\/wp-json\/wp\/v2\/comments?post=502"}],"version-history":[{"count":3,"href":"https:\/\/iilegislativas.congresocdmx.gob.mx\/wp-json\/wp\/v2\/pages\/502\/revisions"}],"predecessor-version":[{"id":2130,"href":"https:\/\/iilegislativas.congresocdmx.gob.mx\/wp-json\/wp\/v2\/pages\/502\/revisions\/2130"}],"wp:attachment":[{"href":"https:\/\/iilegislativas.congresocdmx.gob.mx\/wp-json\/wp\/v2\/media?parent=502"}],"curies":[{"name":"wp","href":"https:\/\/api.w.org\/{rel}","templated":true}]}}