{"id":507,"date":"2023-01-30T15:25:50","date_gmt":"2023-01-30T15:25:50","guid":{"rendered":"http:\/\/34.95.178.166\/?page_id=507"},"modified":"2025-07-25T16:54:16","modified_gmt":"2025-07-25T16:54:16","slug":"atencion-al-desarrollo-de-la-ninez","status":"publish","type":"page","link":"https:\/\/iilegislativas.congresocdmx.gob.mx\/atencion-al-desarrollo-de-la-ninez\/","title":{"rendered":"Comisi\u00f3n de Atenci\u00f3n al Desarrollo de la Ni\u00f1ez del Congreso de la Ciudad de M\u00e9xico, III Legislatura."},"content":{"rendered":"\n<figure class=\"wp-block-image size-full is-style-default\"><img loading=\"lazy\" decoding=\"async\" width=\"2560\" height=\"470\" src=\"http:\/\/iilegislativas.congresocdmx.gob.mx\/wp-content\/uploads\/2025\/01\/iil.png\" alt=\"\" class=\"wp-image-1631\" srcset=\"https:\/\/iilegislativas.congresocdmx.gob.mx\/wp-content\/uploads\/2025\/01\/iil.png 2560w, https:\/\/iilegislativas.congresocdmx.gob.mx\/wp-content\/uploads\/2025\/01\/iil-300x55.png 300w, https:\/\/iilegislativas.congresocdmx.gob.mx\/wp-content\/uploads\/2025\/01\/iil-1024x188.png 1024w, https:\/\/iilegislativas.congresocdmx.gob.mx\/wp-content\/uploads\/2025\/01\/iil-768x141.png 768w, https:\/\/iilegislativas.congresocdmx.gob.mx\/wp-content\/uploads\/2025\/01\/iil-1536x282.png 1536w, https:\/\/iilegislativas.congresocdmx.gob.mx\/wp-content\/uploads\/2025\/01\/iil-2048x376.png 2048w, https:\/\/iilegislativas.congresocdmx.gob.mx\/wp-content\/uploads\/2025\/01\/iil-1140x209.png 1140w\" sizes=\"auto, (max-width: 2560px) 100vw, 2560px\" \/><\/figure>\n\n\n\n<hr class=\"wp-block-separator has-alpha-channel-opacity\"\/>\n\n\n\n<p class=\"has-text-align-center has-medium-font-size\"><strong>INTEGRANTES<\/strong><br><strong>Dip. <strong>Iliana Ivon S\u00e1nchez Ch\u00e1vez<\/strong><\/strong>.<br>Presidenta de la Junta Directiva.<br><strong>Dip. Omar Alejandro Garc\u00eda Loria<\/strong>.<br>Vicepresidente de la Junta Directiva.<br><strong>Dip. <strong>Ernesto Villarreal Cant\u00fa<\/strong>.<br><\/strong>Secretario de la Junta Directiva.<br><strong>Dip. Patricia Urriza Arellano<\/strong>.<br>Integrante.<br><strong>Dip. Lissette salgado Viramontes.<\/strong><br>Integrante.<br><strong>Dip. Am\u00e9rica Alejandra Rangel Lorenzana.<\/strong><br>Integrante.<br><strong>Dip. Juana Mar\u00eda Ju\u00e1rez L\u00f3pez&nbsp;.<\/strong><br>Integrante.<br><strong>Dip. Cesar Emilio Guijosa Hern\u00e1ndez.<\/strong><br>Integrante.<br><strong>Dip. Paulo Emilio Garc\u00eda Gonz\u00e1lez.<\/strong><br>Integrante.<\/p>\n\n\n\n<p style=\"font-size:26px\">Investigaci\u00f3n 2022<\/p>\n\n\n\n<p>Consulta Investigaci\u00f3n de Atenci\u00f3n al Desarrollo de la Ni\u00f1ez.<\/p>\n\n\n\n<div class=\"wp-block-buttons is-layout-flex wp-block-buttons-is-layout-flex\">\n<div class=\"wp-block-button\"><a class=\"wp-block-button__link has-white-color has-text-color has-background wp-element-button\" href=\"http:\/\/iilegislativas.congresocdmx.gob.mx\/wp-content\/uploads\/2023\/01\/ATENCION_DESARROLLO_NINEZ.pdf\" style=\"background-color:#4c8085\">Consulta<\/a><\/div>\n<\/div>\n","protected":false},"excerpt":{"rendered":"<p>INTEGRANTESDip. Iliana Ivon S\u00e1nchez Ch\u00e1vez.Presidenta de la Junta Directiva.Dip. Omar Alejandro Garc\u00eda Loria.Vicepresidente de la Junta Directiva.Dip. Ernesto Villarreal Cant\u00fa.Secretario de la Junta Directiva.Dip. Patricia Urriza Arellano.Integrante.Dip. Lissette salgado Viramontes.Integrante.Dip. Am\u00e9rica Alejandra Rangel Lorenzana.Integrante.Dip. Juana Mar\u00eda Ju\u00e1rez L\u00f3pez&nbsp;.Integrante.Dip. Cesar Emilio Guijosa Hern\u00e1ndez.Integrante.Dip. Paulo Emilio Garc\u00eda Gonz\u00e1lez.Integrante. Investigaci\u00f3n 2022 Consulta Investigaci\u00f3n de Atenci\u00f3n al Desarrollo de la Ni\u00f1ez.<\/p>\n","protected":false},"author":3,"featured_media":0,"parent":0,"menu_order":0,"comment_status":"closed","ping_status":"closed","template":"","meta":{"footnotes":""},"class_list":["post-507","page","type-page","status-publish","hentry"],"_links":{"self":[{"href":"https:\/\/iilegislativas.congresocdmx.gob.mx\/wp-json\/wp\/v2\/pages\/507","targetHints":{"allow":["GET"]}}],"collection":[{"href":"https:\/\/iilegislativas.congresocdmx.gob.mx\/wp-json\/wp\/v2\/pages"}],"about":[{"href":"https:\/\/iilegislativas.congresocdmx.gob.mx\/wp-json\/wp\/v2\/types\/page"}],"author":[{"embeddable":true,"href":"https:\/\/iilegislativas.congresocdmx.gob.mx\/wp-json\/wp\/v2\/users\/3"}],"replies":[{"embeddable":true,"href":"https:\/\/iilegislativas.congresocdmx.gob.mx\/wp-json\/wp\/v2\/comments?post=507"}],"version-history":[{"count":3,"href":"https:\/\/iilegislativas.congresocdmx.gob.mx\/wp-json\/wp\/v2\/pages\/507\/revisions"}],"predecessor-version":[{"id":2019,"href":"https:\/\/iilegislativas.congresocdmx.gob.mx\/wp-json\/wp\/v2\/pages\/507\/revisions\/2019"}],"wp:attachment":[{"href":"https:\/\/iilegislativas.congresocdmx.gob.mx\/wp-json\/wp\/v2\/media?parent=507"}],"curies":[{"name":"wp","href":"https:\/\/api.w.org\/{rel}","templated":true}]}}