{"id":55,"date":"2022-11-09T02:44:33","date_gmt":"2022-11-09T02:44:33","guid":{"rendered":"http:\/\/34.95.178.166\/?page_id=55"},"modified":"2024-03-08T00:05:36","modified_gmt":"2024-03-08T00:05:36","slug":"infografias","status":"publish","type":"page","link":"https:\/\/iilegislativas.congresocdmx.gob.mx\/infografias\/","title":{"rendered":"Infograf\u00edas"},"content":{"rendered":"\n<p class=\"has-text-align-center\">Consulta informaci\u00f3n relevante sobre legislaci\u00f3n<\/p>\n\n\n<div class=\"wp-block-image\">\n<figure class=\"aligncenter size-large\"><a href=\"http:\/\/iilegislativas.congresocdmx.gob.mx\/wp-content\/uploads\/2024\/03\/8-de-Marzo-Dia-internacional-de-la-mujer.pdf\"><img loading=\"lazy\" decoding=\"async\" width=\"1024\" height=\"342\" src=\"http:\/\/iilegislativas.congresocdmx.gob.mx\/wp-content\/uploads\/2024\/03\/8-de-Marzo-dia-de-la-mujer-portada-1024x342.png\" alt=\"\" class=\"wp-image-1354\" srcset=\"https:\/\/iilegislativas.congresocdmx.gob.mx\/wp-content\/uploads\/2024\/03\/8-de-Marzo-dia-de-la-mujer-portada-1024x342.png 1024w, https:\/\/iilegislativas.congresocdmx.gob.mx\/wp-content\/uploads\/2024\/03\/8-de-Marzo-dia-de-la-mujer-portada-300x100.png 300w, https:\/\/iilegislativas.congresocdmx.gob.mx\/wp-content\/uploads\/2024\/03\/8-de-Marzo-dia-de-la-mujer-portada-768x257.png 768w, https:\/\/iilegislativas.congresocdmx.gob.mx\/wp-content\/uploads\/2024\/03\/8-de-Marzo-dia-de-la-mujer-portada-1536x514.png 1536w, https:\/\/iilegislativas.congresocdmx.gob.mx\/wp-content\/uploads\/2024\/03\/8-de-Marzo-dia-de-la-mujer-portada-1140x381.png 1140w, https:\/\/iilegislativas.congresocdmx.gob.mx\/wp-content\/uploads\/2024\/03\/8-de-Marzo-dia-de-la-mujer-portada.png 1690w\" sizes=\"auto, (max-width: 1024px) 100vw, 1024px\" \/><\/a><figcaption class=\"wp-element-caption\">Fecha de publicaci\u00f3n: 07 Marzo 2023<\/figcaption><\/figure>\n<\/div>\n\n\n<div style=\"height:50px\" aria-hidden=\"true\" class=\"wp-block-spacer\"><\/div>\n\n\n<div class=\"wp-block-image\">\n<figure class=\"aligncenter size-large\"><a href=\"http:\/\/iilegislativas.congresocdmx.gob.mx\/wp-content\/uploads\/2023\/06\/Derechos-de-las-generaciones-futuras.pdf\"><img loading=\"lazy\" decoding=\"async\" width=\"1024\" height=\"335\" src=\"http:\/\/iilegislativas.congresocdmx.gob.mx\/wp-content\/uploads\/2023\/06\/Imagenes-para-infografias-02-2-1024x335.png\" alt=\"\" class=\"wp-image-1041\" srcset=\"https:\/\/iilegislativas.congresocdmx.gob.mx\/wp-content\/uploads\/2023\/06\/Imagenes-para-infografias-02-2-1024x335.png 1024w, https:\/\/iilegislativas.congresocdmx.gob.mx\/wp-content\/uploads\/2023\/06\/Imagenes-para-infografias-02-2-300x98.png 300w, https:\/\/iilegislativas.congresocdmx.gob.mx\/wp-content\/uploads\/2023\/06\/Imagenes-para-infografias-02-2-768x251.png 768w, https:\/\/iilegislativas.congresocdmx.gob.mx\/wp-content\/uploads\/2023\/06\/Imagenes-para-infografias-02-2-1536x502.png 1536w, https:\/\/iilegislativas.congresocdmx.gob.mx\/wp-content\/uploads\/2023\/06\/Imagenes-para-infografias-02-2-2048x669.png 2048w, https:\/\/iilegislativas.congresocdmx.gob.mx\/wp-content\/uploads\/2023\/06\/Imagenes-para-infografias-02-2-1140x372.png 1140w\" sizes=\"auto, (max-width: 1024px) 100vw, 1024px\" \/><\/a><figcaption class=\"wp-element-caption\">Fecha de publicaci\u00f3n: 22 Junio 2023<\/figcaption><\/figure>\n<\/div>\n\n\n<div style=\"height:50px\" aria-hidden=\"true\" class=\"wp-block-spacer\"><\/div>\n\n\n<div class=\"wp-block-image\">\n<figure class=\"aligncenter size-large\"><a href=\"http:\/\/iilegislativas.congresocdmx.gob.mx\/wp-content\/uploads\/2023\/06\/Derecho-buena-admin.pdf\"><img loading=\"lazy\" decoding=\"async\" width=\"1024\" height=\"335\" src=\"http:\/\/iilegislativas.congresocdmx.gob.mx\/wp-content\/uploads\/2023\/06\/Imagenes-para-infografias_Mesa-de-trabajo-1-1-1024x335.png\" alt=\"\" class=\"wp-image-1042\" srcset=\"https:\/\/iilegislativas.congresocdmx.gob.mx\/wp-content\/uploads\/2023\/06\/Imagenes-para-infografias_Mesa-de-trabajo-1-1-1024x335.png 1024w, https:\/\/iilegislativas.congresocdmx.gob.mx\/wp-content\/uploads\/2023\/06\/Imagenes-para-infografias_Mesa-de-trabajo-1-1-300x98.png 300w, https:\/\/iilegislativas.congresocdmx.gob.mx\/wp-content\/uploads\/2023\/06\/Imagenes-para-infografias_Mesa-de-trabajo-1-1-768x251.png 768w, https:\/\/iilegislativas.congresocdmx.gob.mx\/wp-content\/uploads\/2023\/06\/Imagenes-para-infografias_Mesa-de-trabajo-1-1-1536x502.png 1536w, https:\/\/iilegislativas.congresocdmx.gob.mx\/wp-content\/uploads\/2023\/06\/Imagenes-para-infografias_Mesa-de-trabajo-1-1-2048x669.png 2048w, https:\/\/iilegislativas.congresocdmx.gob.mx\/wp-content\/uploads\/2023\/06\/Imagenes-para-infografias_Mesa-de-trabajo-1-1-1140x372.png 1140w\" sizes=\"auto, (max-width: 1024px) 100vw, 1024px\" \/><\/a><figcaption class=\"wp-element-caption\">Fecha de publicaci\u00f3n: 22 Junio 2023<\/figcaption><\/figure>\n<\/div>\n\n\n<div style=\"height:50px\" aria-hidden=\"true\" class=\"wp-block-spacer\"><\/div>\n\n\n<div class=\"wp-block-image\">\n<figure class=\"aligncenter size-large\"><a href=\"http:\/\/iilegislativas.congresocdmx.gob.mx\/wp-content\/uploads\/2023\/07\/La-contaminacion-acustica-en-la-CDMX_.pdf\"><img loading=\"lazy\" decoding=\"async\" width=\"1024\" height=\"335\" src=\"http:\/\/iilegislativas.congresocdmx.gob.mx\/wp-content\/uploads\/2023\/07\/contaminacion-acustica-1-1024x335.png\" alt=\"\" class=\"wp-image-1078\" srcset=\"https:\/\/iilegislativas.congresocdmx.gob.mx\/wp-content\/uploads\/2023\/07\/contaminacion-acustica-1-1024x335.png 1024w, https:\/\/iilegislativas.congresocdmx.gob.mx\/wp-content\/uploads\/2023\/07\/contaminacion-acustica-1-300x98.png 300w, https:\/\/iilegislativas.congresocdmx.gob.mx\/wp-content\/uploads\/2023\/07\/contaminacion-acustica-1-768x251.png 768w, https:\/\/iilegislativas.congresocdmx.gob.mx\/wp-content\/uploads\/2023\/07\/contaminacion-acustica-1-1536x502.png 1536w, https:\/\/iilegislativas.congresocdmx.gob.mx\/wp-content\/uploads\/2023\/07\/contaminacion-acustica-1-2048x669.png 2048w, https:\/\/iilegislativas.congresocdmx.gob.mx\/wp-content\/uploads\/2023\/07\/contaminacion-acustica-1-1140x372.png 1140w\" sizes=\"auto, (max-width: 1024px) 100vw, 1024px\" \/><\/a><figcaption class=\"wp-element-caption\">Fecha de publicaci\u00f3n: 03 Julio 2023<\/figcaption><\/figure>\n<\/div>\n\n\n<div style=\"height:50px\" aria-hidden=\"true\" class=\"wp-block-spacer\"><\/div>\n\n\n<div class=\"wp-block-image\">\n<figure class=\"aligncenter size-large\"><a href=\"http:\/\/iilegislativas.congresocdmx.gob.mx\/wp-content\/uploads\/2023\/07\/ECONOMIA-CIRCULAR.pdf\"><img loading=\"lazy\" decoding=\"async\" width=\"1024\" height=\"335\" src=\"http:\/\/iilegislativas.congresocdmx.gob.mx\/wp-content\/uploads\/2023\/07\/ECONOMIA-CIRCULAR-03-1-1024x335.png\" alt=\"\" class=\"wp-image-1091\" srcset=\"https:\/\/iilegislativas.congresocdmx.gob.mx\/wp-content\/uploads\/2023\/07\/ECONOMIA-CIRCULAR-03-1-1024x335.png 1024w, https:\/\/iilegislativas.congresocdmx.gob.mx\/wp-content\/uploads\/2023\/07\/ECONOMIA-CIRCULAR-03-1-300x98.png 300w, https:\/\/iilegislativas.congresocdmx.gob.mx\/wp-content\/uploads\/2023\/07\/ECONOMIA-CIRCULAR-03-1-768x251.png 768w, https:\/\/iilegislativas.congresocdmx.gob.mx\/wp-content\/uploads\/2023\/07\/ECONOMIA-CIRCULAR-03-1-1536x502.png 1536w, https:\/\/iilegislativas.congresocdmx.gob.mx\/wp-content\/uploads\/2023\/07\/ECONOMIA-CIRCULAR-03-1-2048x669.png 2048w, https:\/\/iilegislativas.congresocdmx.gob.mx\/wp-content\/uploads\/2023\/07\/ECONOMIA-CIRCULAR-03-1-1140x372.png 1140w\" sizes=\"auto, (max-width: 1024px) 100vw, 1024px\" \/><\/a><figcaption class=\"wp-element-caption\">Fecha de publicaci\u00f3n: 12 Julio 2023<\/figcaption><\/figure>\n<\/div>\n\n\n<div style=\"height:50px\" aria-hidden=\"true\" class=\"wp-block-spacer\"><\/div>\n\n\n<div class=\"wp-block-image\">\n<figure class=\"aligncenter size-full is-resized\"><a href=\"http:\/\/iilegislativas.congresocdmx.gob.mx\/wp-content\/uploads\/2023\/07\/Participacion-ciudadana.pdf\"><img loading=\"lazy\" decoding=\"async\" width=\"808\" height=\"264\" src=\"http:\/\/iilegislativas.congresocdmx.gob.mx\/wp-content\/uploads\/2023\/07\/Participacion-ciudadana-04.png\" alt=\"\" class=\"wp-image-1105\" style=\"object-fit:cover;width:1028px;height:auto\" srcset=\"https:\/\/iilegislativas.congresocdmx.gob.mx\/wp-content\/uploads\/2023\/07\/Participacion-ciudadana-04.png 808w, https:\/\/iilegislativas.congresocdmx.gob.mx\/wp-content\/uploads\/2023\/07\/Participacion-ciudadana-04-300x98.png 300w, https:\/\/iilegislativas.congresocdmx.gob.mx\/wp-content\/uploads\/2023\/07\/Participacion-ciudadana-04-768x251.png 768w\" sizes=\"auto, (max-width: 808px) 100vw, 808px\" \/><\/a><figcaption class=\"wp-element-caption\">Fecha de publicaci\u00f3n: 21 Julio 2023<\/figcaption><\/figure>\n<\/div>\n\n\n<div style=\"height:50px\" aria-hidden=\"true\" class=\"wp-block-spacer\"><\/div>\n\n\n\n<p class=\"has-text-align-center\">Gante # 15, segundo piso, oficinas 204 &#8211; 208, colonia centro, Alcald\u00eda Cuauht\u00e9moc &#8211; CDMX.<br>Congreso de la Ciudad de M\u00e9xico.<br><strong>Horario de atenci\u00f3n de lunes a viernes de 9:00 a 18:00 hrs.<\/strong><\/p>\n","protected":false},"excerpt":{"rendered":"<p>Consulta informaci\u00f3n relevante sobre legislaci\u00f3n Gante # 15, segundo piso, oficinas 204 &#8211; 208, colonia centro, Alcald\u00eda Cuauht\u00e9moc &#8211; CDMX.Congreso de la Ciudad de M\u00e9xico.Horario de atenci\u00f3n de lunes a viernes de 9:00 a 18:00 hrs.<\/p>\n","protected":false},"author":2,"featured_media":0,"parent":0,"menu_order":0,"comment_status":"closed","ping_status":"closed","template":"","meta":{"footnotes":""},"class_list":["post-55","page","type-page","status-publish","hentry"],"_links":{"self":[{"href":"https:\/\/iilegislativas.congresocdmx.gob.mx\/wp-json\/wp\/v2\/pages\/55","targetHints":{"allow":["GET"]}}],"collection":[{"href":"https:\/\/iilegislativas.congresocdmx.gob.mx\/wp-json\/wp\/v2\/pages"}],"about":[{"href":"https:\/\/iilegislativas.congresocdmx.gob.mx\/wp-json\/wp\/v2\/types\/page"}],"author":[{"embeddable":true,"href":"https:\/\/iilegislativas.congresocdmx.gob.mx\/wp-json\/wp\/v2\/users\/2"}],"replies":[{"embeddable":true,"href":"https:\/\/iilegislativas.congresocdmx.gob.mx\/wp-json\/wp\/v2\/comments?post=55"}],"version-history":[{"count":37,"href":"https:\/\/iilegislativas.congresocdmx.gob.mx\/wp-json\/wp\/v2\/pages\/55\/revisions"}],"predecessor-version":[{"id":1368,"href":"https:\/\/iilegislativas.congresocdmx.gob.mx\/wp-json\/wp\/v2\/pages\/55\/revisions\/1368"}],"wp:attachment":[{"href":"https:\/\/iilegislativas.congresocdmx.gob.mx\/wp-json\/wp\/v2\/media?parent=55"}],"curies":[{"name":"wp","href":"https:\/\/api.w.org\/{rel}","templated":true}]}}